{"id":1378,"date":"2017-07-11T04:57:39","date_gmt":"2017-07-11T04:57:39","guid":{"rendered":"https:\/\/www.domvitalis.rs\/home\/"},"modified":"2026-02-10T11:56:50","modified_gmt":"2026-02-10T10:56:50","slug":"vitalis-dom-za-smestaj-i-negu-starih-osoba","status":"publish","type":"page","link":"https:\/\/domvitalis.rs\/pocetna\/?page_id=1378","title":{"rendered":"Dom Vitalis"},"content":{"rendered":"\t\t<div data-elementor-type=\"wp-post\" data-elementor-id=\"1378\" class=\"elementor elementor-1378\" data-elementor-post-type=\"page\">\n\t\t\t\t\t\t\t\t\t<section class=\"elementor-section elementor-top-section elementor-element elementor-element-35ca4c9 elementor-section-boxed elementor-section-height-default elementor-section-height-default\" data-id=\"35ca4c9\" data-element_type=\"section\" data-settings=\"{&quot;background_background&quot;:&quot;slideshow&quot;,&quot;background_slideshow_gallery&quot;:[{&quot;id&quot;:1385,&quot;url&quot;:&quot;https:\\\/\\\/domvitalis.rs\\\/wp-content\\\/uploads\\\/2021\\\/08\\\/manny-becerra-XvzJVbeaK_4-unsplash-scaled.jpg&quot;},{&quot;id&quot;:1517,&quot;url&quot;:&quot;https:\\\/\\\/domvitalis.rs\\\/wp-content\\\/uploads\\\/2021\\\/08\\\/pexels-photo.jpg&quot;},{&quot;id&quot;:1464,&quot;url&quot;:&quot;https:\\\/\\\/domvitalis.rs\\\/wp-content\\\/uploads\\\/2021\\\/08\\\/reimaging.jpg&quot;}],&quot;background_slideshow_ken_burns&quot;:&quot;yes&quot;,&quot;background_slideshow_slide_duration&quot;:6001,&quot;background_slideshow_transition_duration&quot;:6,&quot;background_slideshow_loop&quot;:&quot;yes&quot;,&quot;background_slideshow_slide_transition&quot;:&quot;fade&quot;,&quot;background_slideshow_ken_burns_zoom_direction&quot;:&quot;in&quot;}\">\n\t\t\t\t\t\t\t<div class=\"elementor-background-overlay\"><\/div>\n\t\t\t\t\t\t\t<div class=\"elementor-container elementor-column-gap-no\">\n\t\t\t\t\t<div class=\"elementor-column elementor-col-100 elementor-top-column elementor-element elementor-element-55f24a2\" data-id=\"55f24a2\" data-element_type=\"column\">\n\t\t\t<div class=\"elementor-widget-wrap elementor-element-populated\">\n\t\t\t\t\t\t\t\t<div class=\"elementor-element elementor-element-736c972 elementor-widget elementor-widget-heading\" data-id=\"736c972\" data-element_type=\"widget\" data-widget_type=\"heading.default\">\n\t\t\t\t<div class=\"elementor-widget-container\">\n\t\t\t<style>\/*! elementor - v3.17.0 - 25-10-2023 *\/\n.elementor-heading-title{padding:0;margin:0;line-height:1}.elementor-widget-heading .elementor-heading-title[class*=elementor-size-]>a{color:inherit;font-size:inherit;line-height:inherit}.elementor-widget-heading .elementor-heading-title.elementor-size-small{font-size:15px}.elementor-widget-heading .elementor-heading-title.elementor-size-medium{font-size:19px}.elementor-widget-heading .elementor-heading-title.elementor-size-large{font-size:29px}.elementor-widget-heading .elementor-heading-title.elementor-size-xl{font-size:39px}.elementor-widget-heading .elementor-heading-title.elementor-size-xxl{font-size:59px}<\/style><h1 class=\"elementor-heading-title elementor-size-default\">Dom Vitalis<\/h1>\t\t<\/div>\n\t\t\t\t<\/div>\n\t\t\t\t\t<\/div>\n\t\t<\/div>\n\t\t\t\t\t\t\t<\/div>\n\t\t<\/section>\n\t\t\t\t<section class=\"elementor-section elementor-top-section elementor-element elementor-element-525e44f elementor-section-boxed elementor-section-height-default elementor-section-height-default\" data-id=\"525e44f\" data-element_type=\"section\">\n\t\t\t\t\t\t<div class=\"elementor-container elementor-column-gap-default\">\n\t\t\t\t\t<div class=\"elementor-column elementor-col-100 elementor-top-column elementor-element elementor-element-8e3947a\" data-id=\"8e3947a\" data-element_type=\"column\">\n\t\t\t<div class=\"elementor-widget-wrap elementor-element-populated\">\n\t\t\t\t\t\t\t\t<div class=\"elementor-element elementor-element-653539f elementor-widget elementor-widget-text-editor\" data-id=\"653539f\" data-element_type=\"widget\" data-widget_type=\"text-editor.default\">\n\t\t\t\t<div class=\"elementor-widget-container\">\n\t\t\t<style>\/*! elementor - v3.17.0 - 25-10-2023 *\/\n.elementor-widget-text-editor.elementor-drop-cap-view-stacked .elementor-drop-cap{background-color:#69727d;color:#fff}.elementor-widget-text-editor.elementor-drop-cap-view-framed .elementor-drop-cap{color:#69727d;border:3px solid;background-color:transparent}.elementor-widget-text-editor:not(.elementor-drop-cap-view-default) .elementor-drop-cap{margin-top:8px}.elementor-widget-text-editor:not(.elementor-drop-cap-view-default) .elementor-drop-cap-letter{width:1em;height:1em}.elementor-widget-text-editor .elementor-drop-cap{float:left;text-align:center;line-height:1;font-size:50px}.elementor-widget-text-editor .elementor-drop-cap-letter{display:inline-block}<\/style>\t\t\t\t<p><br \/>Dom za sme\u0161taj odraslih i starijih \u201eVitalis 11080\u201c nalazi se u mirnom delu Zemuna u ulici Petra Ko\u010di\u0107a 35a. Mirno okru\u017eenje na\u0161e ustanove stvara oazu mira i opu\u0161tanja za na\u0161e korisnike i doprinosu njihovom psihi\u010dkom i emocionalnom blagostanju. Struktura vile, sa ukupno tri nivoa, u potpunosti je prilago\u0111ena kategorijama pokretnih, polupokretnim i nepokretnim kategorijama korisnika. Dom raspole\u017ee sa dvokrevetnim i trokrevetnim soabama, a korisnicima na raspolaganju stoje i prostrani balkoni i dvori\u0161te ispunjeno zelenilom, kao i prostorije za zajedni\u010dke aktivnosti. Ishrana je u potpunosti prilago\u0111ena dijetetskim i zdravstvenim potrebama starijih osoba u konsultaciji sa nutricionistom. Svakodnevnu negu i brigu o va\u0161im najmilijima vodi obu\u010den tim medicinskih sestara, negovateljica, socijalnog radnika, lekara op\u0161te medicine, specijaliste epidemiologije i fizioterapeuta. Pored osnovnog paketa usluga, dom pru\u017ea i usluge specijalisti\u010dkih pregleda, saradnje sa biohemijskim laboratorijama i sanitetski prevoz. Dom \u201eVITALIS 11080\u201c se bazira na konceptu porodi\u010dne atmosfere, koja doprinosi sveop\u0161tem blagostanju korisnika i dostizanju \u0161to ve\u0107eg kavliteta \u017eivota va\u0161ih najmilijih. <\/p>\t\t\t\t\t\t<\/div>\n\t\t\t\t<\/div>\n\t\t\t\t\t<\/div>\n\t\t<\/div>\n\t\t\t\t\t\t\t<\/div>\n\t\t<\/section>\n\t\t\t\t<section class=\"elementor-section elementor-top-section elementor-element elementor-element-69d32fa elementor-section-boxed elementor-section-height-default elementor-section-height-default\" data-id=\"69d32fa\" data-element_type=\"section\">\n\t\t\t\t\t\t<div class=\"elementor-container elementor-column-gap-default\">\n\t\t\t\t\t<div class=\"elementor-column elementor-col-100 elementor-top-column elementor-element elementor-element-291c556\" data-id=\"291c556\" data-element_type=\"column\">\n\t\t\t<div class=\"elementor-widget-wrap\">\n\t\t\t\t\t\t\t\t\t<\/div>\n\t\t<\/div>\n\t\t\t\t\t\t\t<\/div>\n\t\t<\/section>\n\t\t\t\t<section class=\"elementor-section elementor-top-section elementor-element elementor-element-14c854b elementor-section-boxed elementor-section-height-default elementor-section-height-default\" data-id=\"14c854b\" data-element_type=\"section\">\n\t\t\t\t\t\t<div class=\"elementor-container elementor-column-gap-default\">\n\t\t\t\t\t<div class=\"elementor-column elementor-col-100 elementor-top-column elementor-element elementor-element-a71c5d4\" data-id=\"a71c5d4\" data-element_type=\"column\">\n\t\t\t<div class=\"elementor-widget-wrap elementor-element-populated\">\n\t\t\t\t\t\t\t\t<div class=\"elementor-element elementor-element-15657c6 elementor-widget elementor-widget-obfx-pricing-table\" data-id=\"15657c6\" data-element_type=\"widget\" data-widget_type=\"obfx-pricing-table.default\">\n\t\t\t\t<div class=\"elementor-widget-container\">\n\t\t\t<div class=\"obfx-pricing-table-wrapper\"><div class=\"obfx-title-wrapper\"><h2 class=\"obfx-pricing-table-title\">Osnovni paket usluga<\/h2><\/div> <!-- \/.obfx-title-wrapper --><div class=\"obfx-price-wrapper\"><span class=\"obfx-price\">od 950<\/span><span class=\"obfx-price-currency\">Eura<\/span><span class=\"obfx-pricing-period\">\/mese\u010dno<\/span><\/div> <!-- \/.obfx-price-wrapper --><ul class=\"obfx-feature-list\"><li><i class=\"obfx-pricing-table-feature-icon fas fa-star\" aria-hidden=\"true\"><\/i><span class=\"obfx-pricing-table-accented\">Smestaj u dvokrevetnim i trokrevetnim sobama<\/span> <\/li><li><i class=\"obfx-pricing-table-feature-icon fas fa-star\" aria-hidden=\"true\"><\/i><span class=\"obfx-pricing-table-accented\">Ishrana na bazi pet obroka<\/span> <\/li><li><i class=\"obfx-pricing-table-feature-icon fas fa-star\" aria-hidden=\"true\"><\/i><span class=\"obfx-pricing-table-accented\">Lekar specijalista op\u0161te medicine-vizitni nadzor<\/span> <\/li><li><i class=\"obfx-pricing-table-feature-icon fas fa-star\" aria-hidden=\"true\"><\/i><span class=\"obfx-pricing-table-accented\">Lekar specijalista epidemiologije-vizitni nadzor<\/span> <\/li><li><i class=\"obfx-pricing-table-feature-icon fas fa-star\" aria-hidden=\"true\"><\/i><span class=\"obfx-pricing-table-accented\">Socijalni radnik-Usluga i nadzor<\/span> <\/li><li><i class=\"obfx-pricing-table-feature-icon fas fa-star\" aria-hidden=\"true\"><\/i><span class=\"obfx-pricing-table-accented\">24 h Nadzor medicinske sestre-tehni\u010dara<\/span> <\/li><li><i class=\"obfx-pricing-table-feature-icon fas fa-star\" aria-hidden=\"true\"><\/i><span class=\"obfx-pricing-table-accented\">24 h Nadzor negovatelja<\/span> <\/li><li><i class=\"obfx-pricing-table-feature-icon fas fa-star\" aria-hidden=\"true\"><\/i><span class=\"obfx-pricing-table-accented\">Fizioterapeut 3 puta nedeljno<\/span> <\/li><li><i class=\"obfx-pricing-table-feature-icon fas fa-star\" aria-hidden=\"true\"><\/i><span class=\"obfx-pricing-table-accented\">Sanitetski prevoz-usluga jednog prevoza <\/span> <\/li><\/ul><\/div> <!-- \/.obfx-pricing-table-wrapper -->\t\t<\/div>\n\t\t\t\t<\/div>\n\t\t\t\t<div class=\"elementor-element elementor-element-fea0e39 elementor-arrows-position-inside elementor-pagination-position-outside elementor-widget elementor-widget-image-carousel\" data-id=\"fea0e39\" data-element_type=\"widget\" data-settings=\"{&quot;slides_to_show&quot;:&quot;1&quot;,&quot;autoplay_speed&quot;:3000,&quot;speed&quot;:1000,&quot;navigation&quot;:&quot;both&quot;,&quot;autoplay&quot;:&quot;yes&quot;,&quot;pause_on_hover&quot;:&quot;yes&quot;,&quot;pause_on_interaction&quot;:&quot;yes&quot;,&quot;infinite&quot;:&quot;yes&quot;,&quot;effect&quot;:&quot;slide&quot;}\" data-widget_type=\"image-carousel.default\">\n\t\t\t\t<div class=\"elementor-widget-container\">\n\t\t\t<style>\/*! elementor - v3.17.0 - 25-10-2023 *\/\n.elementor-widget-image-carousel .swiper,.elementor-widget-image-carousel .swiper-container{position:static}.elementor-widget-image-carousel .swiper-container .swiper-slide figure,.elementor-widget-image-carousel .swiper .swiper-slide figure{line-height:inherit}.elementor-widget-image-carousel .swiper-slide{text-align:center}.elementor-image-carousel-wrapper:not(.swiper-container-initialized):not(.swiper-initialized) .swiper-slide{max-width:calc(100% \/ var(--e-image-carousel-slides-to-show, 3))}<\/style>\t\t<div class=\"elementor-image-carousel-wrapper swiper-container\" dir=\"ltr\">\n\t\t\t<div class=\"elementor-image-carousel swiper-wrapper\" aria-live=\"off\">\n\t\t\t\t\t\t\t\t<div class=\"swiper-slide\" role=\"group\" aria-roledescription=\"slide\" aria-label=\"1 of 7\"><figure class=\"swiper-slide-inner\"><img decoding=\"async\" class=\"swiper-slide-image\" src=\"https:\/\/domvitalis.rs\/wp-content\/uploads\/2021\/09\/2M3A2303-edit-768x512.jpg\" alt=\"2M3A2303 edit\" \/><\/figure><\/div><div class=\"swiper-slide\" role=\"group\" aria-roledescription=\"slide\" aria-label=\"2 of 7\"><figure class=\"swiper-slide-inner\"><img decoding=\"async\" class=\"swiper-slide-image\" src=\"https:\/\/domvitalis.rs\/wp-content\/uploads\/2021\/09\/2M3A2345-768x512.jpg\" alt=\"2M3A2345\" \/><\/figure><\/div><div class=\"swiper-slide\" role=\"group\" aria-roledescription=\"slide\" aria-label=\"3 of 7\"><figure class=\"swiper-slide-inner\"><img decoding=\"async\" class=\"swiper-slide-image\" src=\"https:\/\/domvitalis.rs\/wp-content\/uploads\/2021\/09\/2M3A2344-768x512.jpg\" alt=\"2M3A2344\" \/><\/figure><\/div><div class=\"swiper-slide\" role=\"group\" aria-roledescription=\"slide\" aria-label=\"4 of 7\"><figure class=\"swiper-slide-inner\"><img decoding=\"async\" class=\"swiper-slide-image\" src=\"https:\/\/domvitalis.rs\/wp-content\/uploads\/2021\/09\/2M3A2169-768x512.jpg\" alt=\"2M3A2169\" \/><\/figure><\/div><div class=\"swiper-slide\" role=\"group\" aria-roledescription=\"slide\" aria-label=\"5 of 7\"><figure class=\"swiper-slide-inner\"><img decoding=\"async\" class=\"swiper-slide-image\" src=\"https:\/\/domvitalis.rs\/wp-content\/uploads\/2021\/09\/2M3A2385-768x512.jpg\" alt=\"2M3A2385\" \/><\/figure><\/div><div class=\"swiper-slide\" role=\"group\" aria-roledescription=\"slide\" aria-label=\"6 of 7\"><figure class=\"swiper-slide-inner\"><img decoding=\"async\" class=\"swiper-slide-image\" src=\"https:\/\/domvitalis.rs\/wp-content\/uploads\/2021\/09\/2M3A2427-768x512.jpg\" alt=\"2M3A2427\" \/><\/figure><\/div><div class=\"swiper-slide\" role=\"group\" aria-roledescription=\"slide\" aria-label=\"7 of 7\"><figure class=\"swiper-slide-inner\"><img decoding=\"async\" class=\"swiper-slide-image\" src=\"https:\/\/domvitalis.rs\/wp-content\/uploads\/2021\/09\/2M3A2456-Edit-768x512.jpg\" alt=\"2M3A2456-Edit\" \/><\/figure><\/div>\t\t\t<\/div>\n\t\t\t\t\t\t\t\t\t\t\t\t<div class=\"elementor-swiper-button elementor-swiper-button-prev\" role=\"button\" tabindex=\"0\">\n\t\t\t\t\t\t<i aria-hidden=\"true\" class=\"eicon-chevron-left\"><\/i>\t\t\t\t\t<\/div>\n\t\t\t\t\t<div class=\"elementor-swiper-button elementor-swiper-button-next\" role=\"button\" tabindex=\"0\">\n\t\t\t\t\t\t<i aria-hidden=\"true\" class=\"eicon-chevron-right\"><\/i>\t\t\t\t\t<\/div>\n\t\t\t\t\n\t\t\t\t\t\t\t\t\t<div class=\"swiper-pagination\"><\/div>\n\t\t\t\t\t\t\t\t\t<\/div>\n\t\t\t\t<\/div>\n\t\t\t\t<\/div>\n\t\t\t\t\t<\/div>\n\t\t<\/div>\n\t\t\t\t\t\t\t<\/div>\n\t\t<\/section>\n\t\t\t\t<section class=\"elementor-section elementor-top-section elementor-element elementor-element-771d740 elementor-section-boxed elementor-section-height-default elementor-section-height-default\" data-id=\"771d740\" data-element_type=\"section\">\n\t\t\t\t\t\t<div class=\"elementor-container elementor-column-gap-default\">\n\t\t\t\t\t<div class=\"elementor-column elementor-col-100 elementor-top-column elementor-element elementor-element-6b2b3e8\" data-id=\"6b2b3e8\" data-element_type=\"column\">\n\t\t\t<div class=\"elementor-widget-wrap elementor-element-populated\">\n\t\t\t\t\t\t\t\t<div class=\"elementor-element elementor-element-1a3c329 elementor-widget elementor-widget-obfx-pricing-table\" data-id=\"1a3c329\" data-element_type=\"widget\" data-widget_type=\"obfx-pricing-table.default\">\n\t\t\t\t<div class=\"elementor-widget-container\">\n\t\t\t<div class=\"obfx-pricing-table-wrapper\"><div class=\"obfx-title-wrapper\"><h2 class=\"obfx-pricing-table-title\">Dodatne usluge<\/h2><\/div> <!-- \/.obfx-title-wrapper --><div class=\"obfx-price-wrapper\"><span class=\"obfx-pricing-period\">Cena na upit<\/span><\/div> <!-- \/.obfx-price-wrapper --><ul class=\"obfx-feature-list\"><li><i class=\"obfx-pricing-table-feature-icon fas fa-star\" aria-hidden=\"true\"><\/i><span class=\"obfx-pricing-table-accented\">Specijalisti\u010dki pregledi<\/span> <\/li><li><i class=\"obfx-pricing-table-feature-icon fas fa-star\" aria-hidden=\"true\"><\/i><span class=\"obfx-pricing-table-accented\">Fizikalna terapija<\/span> <\/li><li><i class=\"obfx-pricing-table-feature-icon fas fa-star\" aria-hidden=\"true\"><\/i><span class=\"obfx-pricing-table-accented\">Dijagnosticki pregledi<\/span> <\/li><li><i class=\"obfx-pricing-table-feature-icon fas fa-star\" aria-hidden=\"true\"><\/i><span class=\"obfx-pricing-table-accented\">Sanitetski prevoz<\/span> <\/li><\/ul><\/div> <!-- \/.obfx-pricing-table-wrapper -->\t\t<\/div>\n\t\t\t\t<\/div>\n\t\t\t\t\t<\/div>\n\t\t<\/div>\n\t\t\t\t\t\t\t<\/div>\n\t\t<\/section>\n\t\t\t\t\t\t\t<\/div>\n\t\t","protected":false},"excerpt":{"rendered":"<p>Dom Vitalis Dom za sme\u0161taj odraslih i starijih \u201eVitalis 11080\u201c nalazi se u mirnom delu Zemuna u ulici Petra Ko\u010di\u0107a 35a. Mirno okru\u017eenje na\u0161e ustanove stvara oazu mira i opu\u0161tanja za na\u0161e korisnike i doprinosu njihovom psihi\u010dkom i emocionalnom blagostanju. Struktura vile, sa ukupno tri nivoa, u potpunosti je prilago\u0111ena kategorijama pokretnih, polupokretnim i nepokretnim &hellip;<\/p>\n<p class=\"read-more\"> <a class=\"\" href=\"https:\/\/domvitalis.rs\/pocetna\/?page_id=1378\"> <span class=\"screen-reader-text\">Dom Vitalis<\/span> Read More &raquo;<\/a><\/p>\n","protected":false},"author":1,"featured_media":2410,"parent":0,"menu_order":0,"comment_status":"closed","ping_status":"closed","template":"","meta":{"footnotes":""},"class_list":["post-1378","page","type-page","status-publish","has-post-thumbnail","hentry"],"yoast_head":"<!-- This site is optimized with the Yoast SEO plugin v21.4 - https:\/\/yoast.com\/wordpress\/plugins\/seo\/ -->\n<title>Dom Vitalis<\/title>\n<meta name=\"description\" content=\"Licencirani dom za sme\u0161taji i negu starih osoba;Ulica Petra Ko\u010di\u0107a 35.A, Zemun 11080 ;E-mail:office@domvitalis.rs;Telefon: +381659888801\" \/>\n<meta name=\"robots\" content=\"index, follow, max-snippet:-1, max-image-preview:large, max-video-preview:-1\" \/>\n<link rel=\"canonical\" href=\"https:\/\/domvitalis.rs\/pocetna\/?page_id=1378\" \/>\n<meta property=\"og:locale\" content=\"en_GB\" \/>\n<meta property=\"og:type\" content=\"article\" \/>\n<meta property=\"og:title\" content=\"Dom Vitalis\" \/>\n<meta property=\"og:description\" content=\"Licencirani dom za sme\u0161taji i negu starih osoba;Ulica Petra Ko\u010di\u0107a 35.A, Zemun 11080 ;E-mail:office@domvitalis.rs;Telefon: +381659888801\" \/>\n<meta property=\"og:url\" content=\"https:\/\/domvitalis.rs\/pocetna\/?page_id=1378\" \/>\n<meta property=\"og:site_name\" content=\"Dom Vitalis\" \/>\n<meta property=\"article:publisher\" content=\"https:\/\/www.facebook.com\/Vitalis-Dom-za-smestaj-starih-lica-104092865292883\/\" \/>\n<meta property=\"article:modified_time\" content=\"2026-02-10T10:56:50+00:00\" \/>\n<meta property=\"og:image\" content=\"https:\/\/domvitalis.rs\/wp-content\/uploads\/2022\/01\/2M3A2456-Edit.jpg\" \/>\n\t<meta property=\"og:image:width\" content=\"1620\" \/>\n\t<meta property=\"og:image:height\" content=\"1080\" \/>\n\t<meta property=\"og:image:type\" content=\"image\/jpeg\" \/>\n<meta name=\"twitter:card\" content=\"summary_large_image\" \/>\n<meta name=\"twitter:label1\" content=\"Estimated reading time\" \/>\n\t<meta name=\"twitter:data1\" content=\"3 minutes\" \/>\n<script type=\"application\/ld+json\" class=\"yoast-schema-graph\">{\"@context\":\"https:\/\/schema.org\",\"@graph\":[{\"@type\":\"WebPage\",\"@id\":\"https:\/\/domvitalis.rs\/pocetna\/?page_id=1378\",\"url\":\"https:\/\/domvitalis.rs\/pocetna\/?page_id=1378\",\"name\":\"Dom Vitalis\",\"isPartOf\":{\"@id\":\"https:\/\/domvitalis.rs\/pocetna\/#website\"},\"datePublished\":\"2017-07-11T04:57:39+00:00\",\"dateModified\":\"2026-02-10T10:56:50+00:00\",\"description\":\"Licencirani dom za sme\u0161taji i negu starih osoba;Ulica Petra Ko\u010di\u0107a 35.A, Zemun 11080 ;E-mail:office@domvitalis.rs;Telefon: +381659888801\",\"breadcrumb\":{\"@id\":\"https:\/\/domvitalis.rs\/pocetna\/?page_id=1378#breadcrumb\"},\"inLanguage\":\"en-GB\",\"potentialAction\":[{\"@type\":\"ReadAction\",\"target\":[\"https:\/\/domvitalis.rs\/pocetna\/?page_id=1378\"]}]},{\"@type\":\"BreadcrumbList\",\"@id\":\"https:\/\/domvitalis.rs\/pocetna\/?page_id=1378#breadcrumb\",\"itemListElement\":[{\"@type\":\"ListItem\",\"position\":1,\"name\":\"\u041f\u043e\u0447\u0435\u0442\u043d\u0430\",\"item\":\"https:\/\/domvitalis.rs\/pocetna\/\"},{\"@type\":\"ListItem\",\"position\":2,\"name\":\"Dom Vitalis\"}]},{\"@type\":\"WebSite\",\"@id\":\"https:\/\/domvitalis.rs\/pocetna\/#website\",\"url\":\"https:\/\/domvitalis.rs\/pocetna\/\",\"name\":\"www.domvitalis.rs\",\"description\":\"\",\"publisher\":{\"@id\":\"https:\/\/domvitalis.rs\/pocetna\/#organization\"},\"potentialAction\":[{\"@type\":\"SearchAction\",\"target\":{\"@type\":\"EntryPoint\",\"urlTemplate\":\"https:\/\/domvitalis.rs\/pocetna\/?s={search_term_string}\"},\"query-input\":\"required name=search_term_string\"}],\"inLanguage\":\"en-GB\"},{\"@type\":\"Organization\",\"@id\":\"https:\/\/domvitalis.rs\/pocetna\/#organization\",\"name\":\"Vitalis-dom za sme\u0161taj i negu starih osoba\",\"url\":\"https:\/\/domvitalis.rs\/pocetna\/\",\"logo\":{\"@type\":\"ImageObject\",\"inLanguage\":\"en-GB\",\"@id\":\"https:\/\/domvitalis.rs\/pocetna\/#\/schema\/logo\/image\/\",\"url\":\"http:\/\/www.domvitalis.rs\/wp-content\/uploads\/2021\/07\/20210715_161639_0000.png\",\"contentUrl\":\"http:\/\/www.domvitalis.rs\/wp-content\/uploads\/2021\/07\/20210715_161639_0000.png\",\"width\":500,\"height\":500,\"caption\":\"Vitalis-dom za sme\u0161taj i negu starih osoba\"},\"image\":{\"@id\":\"https:\/\/domvitalis.rs\/pocetna\/#\/schema\/logo\/image\/\"},\"sameAs\":[\"https:\/\/www.facebook.com\/Vitalis-Dom-za-smestaj-starih-lica-104092865292883\/\",\"https:\/\/youtube.com\/channel\/UCkAyE9OoItaRr3C0h7Ni1Jg\"]}]}<\/script>\n<!-- \/ Yoast SEO plugin. -->","yoast_head_json":{"title":"Dom Vitalis","description":"Licencirani dom za sme\u0161taji i negu starih osoba;Ulica Petra Ko\u010di\u0107a 35.A, Zemun 11080 ;E-mail:office@domvitalis.rs;Telefon: +381659888801","robots":{"index":"index","follow":"follow","max-snippet":"max-snippet:-1","max-image-preview":"max-image-preview:large","max-video-preview":"max-video-preview:-1"},"canonical":"https:\/\/domvitalis.rs\/pocetna\/?page_id=1378","og_locale":"en_GB","og_type":"article","og_title":"Dom Vitalis","og_description":"Licencirani dom za sme\u0161taji i negu starih osoba;Ulica Petra Ko\u010di\u0107a 35.A, Zemun 11080 ;E-mail:office@domvitalis.rs;Telefon: +381659888801","og_url":"https:\/\/domvitalis.rs\/pocetna\/?page_id=1378","og_site_name":"Dom Vitalis","article_publisher":"https:\/\/www.facebook.com\/Vitalis-Dom-za-smestaj-starih-lica-104092865292883\/","article_modified_time":"2026-02-10T10:56:50+00:00","og_image":[{"width":1620,"height":1080,"url":"https:\/\/domvitalis.rs\/wp-content\/uploads\/2022\/01\/2M3A2456-Edit.jpg","type":"image\/jpeg"}],"twitter_card":"summary_large_image","twitter_misc":{"Estimated reading time":"3 minutes"},"schema":{"@context":"https:\/\/schema.org","@graph":[{"@type":"WebPage","@id":"https:\/\/domvitalis.rs\/pocetna\/?page_id=1378","url":"https:\/\/domvitalis.rs\/pocetna\/?page_id=1378","name":"Dom Vitalis","isPartOf":{"@id":"https:\/\/domvitalis.rs\/pocetna\/#website"},"datePublished":"2017-07-11T04:57:39+00:00","dateModified":"2026-02-10T10:56:50+00:00","description":"Licencirani dom za sme\u0161taji i negu starih osoba;Ulica Petra Ko\u010di\u0107a 35.A, Zemun 11080 ;E-mail:office@domvitalis.rs;Telefon: +381659888801","breadcrumb":{"@id":"https:\/\/domvitalis.rs\/pocetna\/?page_id=1378#breadcrumb"},"inLanguage":"en-GB","potentialAction":[{"@type":"ReadAction","target":["https:\/\/domvitalis.rs\/pocetna\/?page_id=1378"]}]},{"@type":"BreadcrumbList","@id":"https:\/\/domvitalis.rs\/pocetna\/?page_id=1378#breadcrumb","itemListElement":[{"@type":"ListItem","position":1,"name":"\u041f\u043e\u0447\u0435\u0442\u043d\u0430","item":"https:\/\/domvitalis.rs\/pocetna\/"},{"@type":"ListItem","position":2,"name":"Dom Vitalis"}]},{"@type":"WebSite","@id":"https:\/\/domvitalis.rs\/pocetna\/#website","url":"https:\/\/domvitalis.rs\/pocetna\/","name":"www.domvitalis.rs","description":"","publisher":{"@id":"https:\/\/domvitalis.rs\/pocetna\/#organization"},"potentialAction":[{"@type":"SearchAction","target":{"@type":"EntryPoint","urlTemplate":"https:\/\/domvitalis.rs\/pocetna\/?s={search_term_string}"},"query-input":"required name=search_term_string"}],"inLanguage":"en-GB"},{"@type":"Organization","@id":"https:\/\/domvitalis.rs\/pocetna\/#organization","name":"Vitalis-dom za sme\u0161taj i negu starih osoba","url":"https:\/\/domvitalis.rs\/pocetna\/","logo":{"@type":"ImageObject","inLanguage":"en-GB","@id":"https:\/\/domvitalis.rs\/pocetna\/#\/schema\/logo\/image\/","url":"http:\/\/www.domvitalis.rs\/wp-content\/uploads\/2021\/07\/20210715_161639_0000.png","contentUrl":"http:\/\/www.domvitalis.rs\/wp-content\/uploads\/2021\/07\/20210715_161639_0000.png","width":500,"height":500,"caption":"Vitalis-dom za sme\u0161taj i negu starih osoba"},"image":{"@id":"https:\/\/domvitalis.rs\/pocetna\/#\/schema\/logo\/image\/"},"sameAs":["https:\/\/www.facebook.com\/Vitalis-Dom-za-smestaj-starih-lica-104092865292883\/","https:\/\/youtube.com\/channel\/UCkAyE9OoItaRr3C0h7Ni1Jg"]}]}},"_links":{"self":[{"href":"https:\/\/domvitalis.rs\/pocetna\/index.php?rest_route=\/wp\/v2\/pages\/1378","targetHints":{"allow":["GET"]}}],"collection":[{"href":"https:\/\/domvitalis.rs\/pocetna\/index.php?rest_route=\/wp\/v2\/pages"}],"about":[{"href":"https:\/\/domvitalis.rs\/pocetna\/index.php?rest_route=\/wp\/v2\/types\/page"}],"author":[{"embeddable":true,"href":"https:\/\/domvitalis.rs\/pocetna\/index.php?rest_route=\/wp\/v2\/users\/1"}],"replies":[{"embeddable":true,"href":"https:\/\/domvitalis.rs\/pocetna\/index.php?rest_route=%2Fwp%2Fv2%2Fcomments&post=1378"}],"version-history":[{"count":263,"href":"https:\/\/domvitalis.rs\/pocetna\/index.php?rest_route=\/wp\/v2\/pages\/1378\/revisions"}],"predecessor-version":[{"id":3129,"href":"https:\/\/domvitalis.rs\/pocetna\/index.php?rest_route=\/wp\/v2\/pages\/1378\/revisions\/3129"}],"wp:featuredmedia":[{"embeddable":true,"href":"https:\/\/domvitalis.rs\/pocetna\/index.php?rest_route=\/wp\/v2\/media\/2410"}],"wp:attachment":[{"href":"https:\/\/domvitalis.rs\/pocetna\/index.php?rest_route=%2Fwp%2Fv2%2Fmedia&parent=1378"}],"curies":[{"name":"wp","href":"https:\/\/api.w.org\/{rel}","templated":true}]}}